{"id":10,"date":"2026-03-17T13:12:51","date_gmt":"2026-03-17T12:12:51","guid":{"rendered":"http:\/\/dom100m2.pl\/?page_id=10"},"modified":"2026-03-17T13:20:47","modified_gmt":"2026-03-17T12:20:47","slug":"dom-104-m2","status":"publish","type":"page","link":"https:\/\/dom100m2.pl\/?page_id=10","title":{"rendered":"Dom 104 m2"},"content":{"rendered":"\t\t<div data-elementor-type=\"wp-page\" data-elementor-id=\"10\" class=\"elementor elementor-10\">\n\t\t\t\t<div class=\"elementor-element elementor-element-d5c7d25 e-flex e-con-boxed e-con e-parent\" data-id=\"d5c7d25\" data-element_type=\"container\" data-e-type=\"container\">\n\t\t\t\t\t<div class=\"e-con-inner\">\n\t\t<div class=\"elementor-element elementor-element-81da651 e-con-full e-flex e-con e-child\" data-id=\"81da651\" data-element_type=\"container\" data-e-type=\"container\">\n\t\t\t\t<div class=\"elementor-element elementor-element-8bfe0c9 elementor-widget elementor-widget-heading\" data-id=\"8bfe0c9\" data-element_type=\"widget\" data-e-type=\"widget\" data-widget_type=\"heading.default\">\n\t\t\t\t\t<h2 class=\"elementor-heading-title elementor-size-default\">Zbuduj dom 104 m\u00b2 bez stresu, chaosu i przep\u0142acania<\/h2>\t\t\t\t<\/div>\n\t\t\t\t<div class=\"elementor-element elementor-element-624a6a9 elementor-widget elementor-widget-text-editor\" data-id=\"624a6a9\" data-element_type=\"widget\" data-e-type=\"widget\" data-widget_type=\"text-editor.default\">\n\t\t\t\t\t\t\t\t\t<p>Projekt + budowa + prowadzenie inwestycji od A do Z<br \/>Ty podejmujesz decyzje \u2014 my robimy reszt\u0119<\/p>\t\t\t\t\t\t\t\t<\/div>\n\t\t\t\t<div class=\"elementor-element elementor-element-f28aa60 elementor-align-left elementor-widget elementor-widget-button\" data-id=\"f28aa60\" data-element_type=\"widget\" data-e-type=\"widget\" data-widget_type=\"button.default\">\n\t\t\t\t\t\t\t\t\t\t<a class=\"elementor-button elementor-button-link elementor-size-sm\" href=\"#formularz\">\n\t\t\t\t\t\t<span class=\"elementor-button-content-wrapper\">\n\t\t\t\t\t\t\t\t\t<span class=\"elementor-button-text\">Sprawd\u017a koszt budowy domu<\/span>\n\t\t\t\t\t<\/span>\n\t\t\t\t\t<\/a>\n\t\t\t\t\t\t\t\t<\/div>\n\t\t\t\t<div class=\"elementor-element elementor-element-89147d4 elementor-widget elementor-widget-text-editor\" data-id=\"89147d4\" data-element_type=\"widget\" data-e-type=\"widget\" data-widget_type=\"text-editor.default\">\n\t\t\t\t\t\t\t\t\t<p>Oddzwonimy w 24h i powiemy ile REALNIE b\u0119dzie kosztowa\u0107 Tw\u00f3j dom<\/p>\t\t\t\t\t\t\t\t<\/div>\n\t\t\t\t<\/div>\n\t\t<div class=\"elementor-element elementor-element-a451060 e-con-full e-flex e-con e-child\" data-id=\"a451060\" data-element_type=\"container\" data-e-type=\"container\">\n\t\t\t\t<div class=\"elementor-element elementor-element-2b46de1 elementor-widget elementor-widget-image\" data-id=\"2b46de1\" data-element_type=\"widget\" data-e-type=\"widget\" data-widget_type=\"image.default\">\n\t\t\t\t\t\t\t\t\t\t\t\t\t\t\t<img fetchpriority=\"high\" decoding=\"async\" width=\"1024\" height=\"612\" src=\"http:\/\/dom100m2.pl\/wp-content\/uploads\/2026\/03\/a2-1024x612.jpg\" class=\"attachment-large size-large wp-image-13\" alt=\"\" srcset=\"http:\/\/dom100m2.pl\/wp-content\/uploads\/2026\/03\/a2-1024x612.jpg 1024w, http:\/\/dom100m2.pl\/wp-content\/uploads\/2026\/03\/a2-300x179.jpg 300w, http:\/\/dom100m2.pl\/wp-content\/uploads\/2026\/03\/a2-768x459.jpg 768w, http:\/\/dom100m2.pl\/wp-content\/uploads\/2026\/03\/a2-1536x919.jpg 1536w, http:\/\/dom100m2.pl\/wp-content\/uploads\/2026\/03\/a2.jpg 1612w\" sizes=\"(max-width: 1024px) 100vw, 1024px\" \/>\t\t\t\t\t\t\t\t\t\t\t\t\t\t\t<\/div>\n\t\t\t\t<\/div>\n\t\t\t\t\t<\/div>\n\t\t\t\t<\/div>\n\t\t<div class=\"elementor-element elementor-element-bcd4377 e-flex e-con-boxed e-con e-parent\" data-id=\"bcd4377\" data-element_type=\"container\" data-e-type=\"container\">\n\t\t\t\t\t<div class=\"e-con-inner\">\n\t\t\t\t<div class=\"elementor-element elementor-element-5052b8f elementor-widget elementor-widget-heading\" data-id=\"5052b8f\" data-element_type=\"widget\" data-e-type=\"widget\" data-widget_type=\"heading.default\">\n\t\t\t\t\t<h2 class=\"elementor-heading-title elementor-size-default\">Budowa domu to chaos, kt\u00f3ry kosztuje dziesi\u0105tki tysi\u0119cy<\/h2>\t\t\t\t<\/div>\n\t\t\t\t<div class=\"elementor-element elementor-element-296e4e2 elementor-widget elementor-widget-text-editor\" data-id=\"296e4e2\" data-element_type=\"widget\" data-e-type=\"widget\" data-widget_type=\"text-editor.default\">\n\t\t\t\t\t\t\t\t\t<p>\u274c brak kontroli nad kosztami <br \/>\u274c op\u00f3\u017anienia i stres <br \/>\u274c brak sprawdzonych ekip <br \/>\u274c decyzje, kt\u00f3rych nikt nie t\u0142umaczy<\/p><p>Wi\u0119kszo\u015b\u0107 inwestor\u00f3w przep\u0142aca 50 000 \u2013 100 000 z\u0142, bo nie ma kto ich poprowadzi\u0107 przez ca\u0142y proces<\/p>\t\t\t\t\t\t\t\t<\/div>\n\t\t\t\t\t<\/div>\n\t\t\t\t<\/div>\n\t\t<div class=\"elementor-element elementor-element-7fc01c9 e-flex e-con-boxed e-con e-parent\" data-id=\"7fc01c9\" data-element_type=\"container\" data-e-type=\"container\">\n\t\t\t\t\t<div class=\"e-con-inner\">\n\t\t\t\t<div class=\"elementor-element elementor-element-546ae14 elementor-widget elementor-widget-heading\" data-id=\"546ae14\" data-element_type=\"widget\" data-e-type=\"widget\" data-widget_type=\"heading.default\">\n\t\t\t\t\t<h2 class=\"elementor-heading-title elementor-size-default\">Z nami budujesz dom bez zgadywania i bez nerw\u00f3w<\/h2>\t\t\t\t<\/div>\n\t\t\t\t\t<\/div>\n\t\t\t\t<\/div>\n\t\t<div class=\"elementor-element elementor-element-3feccd3 e-grid e-con-boxed e-con e-parent\" data-id=\"3feccd3\" data-element_type=\"container\" data-e-type=\"container\">\n\t\t\t\t\t<div class=\"e-con-inner\">\n\t\t\t\t<div class=\"elementor-element elementor-element-13f320c elementor-widget elementor-widget-text-editor\" data-id=\"13f320c\" data-element_type=\"widget\" data-e-type=\"widget\" data-widget_type=\"text-editor.default\">\n\t\t\t\t\t\t\t\t\t<p>Projekt dopasowany do Twojego bud\u017cetu<\/p>\t\t\t\t\t\t\t\t<\/div>\n\t\t\t\t<div class=\"elementor-element elementor-element-b71042c elementor-widget elementor-widget-text-editor\" data-id=\"b71042c\" data-element_type=\"widget\" data-e-type=\"widget\" data-widget_type=\"text-editor.default\">\n\t\t\t\t\t\t\t\t\t<p>Za\u0142atwiamy formalno\u015bci<\/p>\t\t\t\t\t\t\t\t<\/div>\n\t\t\t\t<div class=\"elementor-element elementor-element-50af0a3 elementor-widget elementor-widget-text-editor\" data-id=\"50af0a3\" data-element_type=\"widget\" data-e-type=\"widget\" data-widget_type=\"text-editor.default\">\n\t\t\t\t\t\t\t\t\t<p>Budujemy krok po kroku<\/p>\t\t\t\t\t\t\t\t<\/div>\n\t\t\t\t<div class=\"elementor-element elementor-element-93dd7dc elementor-widget elementor-widget-text-editor\" data-id=\"93dd7dc\" data-element_type=\"widget\" data-e-type=\"widget\" data-widget_type=\"text-editor.default\">\n\t\t\t\t\t\t\t\t\t<p>Oddajemy gotowy dom<\/p>\t\t\t\t\t\t\t\t<\/div>\n\t\t\t\t\t<\/div>\n\t\t\t\t<\/div>\n\t\t\t\t<\/div>\n\t\t","protected":false},"excerpt":{"rendered":"<p>Zbuduj dom 104 m\u00b2 bez stresu, chaosu i przep\u0142acania Projekt + budowa + prowadzenie inwestycji od A do ZTy podejmujesz [&hellip;]<\/p>\n","protected":false},"author":1,"featured_media":0,"parent":0,"menu_order":0,"comment_status":"closed","ping_status":"closed","template":"","meta":{"site-sidebar-layout":"no-sidebar","site-content-layout":"","ast-site-content-layout":"full-width-container","site-content-style":"default","site-sidebar-style":"default","ast-global-header-display":"","ast-banner-title-visibility":"","ast-main-header-display":"","ast-hfb-above-header-display":"","ast-hfb-below-header-display":"","ast-hfb-mobile-header-display":"","site-post-title":"","ast-breadcrumbs-content":"","ast-featured-img":"disabled","footer-sml-layout":"","ast-disable-related-posts":"","theme-transparent-header-meta":"","adv-header-id-meta":"","stick-header-meta":"","header-above-stick-meta":"","header-main-stick-meta":"","header-below-stick-meta":"","astra-migrate-meta-layouts":"default","ast-page-background-enabled":"default","ast-page-background-meta":{"desktop":{"background-color":"var(--ast-global-color-5)","background-image":"","background-repeat":"repeat","background-position":"center center","background-size":"auto","background-attachment":"scroll","background-type":"","background-media":"","overlay-type":"","overlay-color":"","overlay-opacity":"","overlay-gradient":""},"tablet":{"background-color":"","background-image":"","background-repeat":"repeat","background-position":"center center","background-size":"auto","background-attachment":"scroll","background-type":"","background-media":"","overlay-type":"","overlay-color":"","overlay-opacity":"","overlay-gradient":""},"mobile":{"background-color":"","background-image":"","background-repeat":"repeat","background-position":"center center","background-size":"auto","background-attachment":"scroll","background-type":"","background-media":"","overlay-type":"","overlay-color":"","overlay-opacity":"","overlay-gradient":""}},"ast-content-background-meta":{"desktop":{"background-color":"var(--ast-global-color-4)","background-image":"","background-repeat":"repeat","background-position":"center center","background-size":"auto","background-attachment":"scroll","background-type":"","background-media":"","overlay-type":"","overlay-color":"","overlay-opacity":"","overlay-gradient":""},"tablet":{"background-color":"var(--ast-global-color-4)","background-image":"","background-repeat":"repeat","background-position":"center center","background-size":"auto","background-attachment":"scroll","background-type":"","background-media":"","overlay-type":"","overlay-color":"","overlay-opacity":"","overlay-gradient":""},"mobile":{"background-color":"var(--ast-global-color-4)","background-image":"","background-repeat":"repeat","background-position":"center center","background-size":"auto","background-attachment":"scroll","background-type":"","background-media":"","overlay-type":"","overlay-color":"","overlay-opacity":"","overlay-gradient":""}},"footnotes":""},"class_list":["post-10","page","type-page","status-publish","hentry"],"yoast_head":"<!-- This site is optimized with the Yoast SEO plugin v27.4 - https:\/\/yoast.com\/product\/yoast-seo-wordpress\/ -->\n<title>Dom 104 m2 - wordpressplugins<\/title>\n<meta name=\"robots\" content=\"index, follow, max-snippet:-1, max-image-preview:large, max-video-preview:-1\" \/>\n<link rel=\"canonical\" href=\"https:\/\/dom100m2.pl\/?page_id=10\" \/>\n<meta property=\"og:locale\" content=\"pl_PL\" \/>\n<meta property=\"og:type\" content=\"article\" \/>\n<meta property=\"og:title\" content=\"Dom 104 m2 - wordpressplugins\" \/>\n<meta property=\"og:description\" content=\"Zbuduj dom 104 m\u00b2 bez stresu, chaosu i przep\u0142acania Projekt + budowa + prowadzenie inwestycji od A do ZTy podejmujesz [&hellip;]\" \/>\n<meta property=\"og:url\" content=\"https:\/\/dom100m2.pl\/?page_id=10\" \/>\n<meta property=\"og:site_name\" content=\"wordpressplugins\" \/>\n<meta property=\"article:modified_time\" content=\"2026-03-17T12:20:47+00:00\" \/>\n<meta property=\"og:image\" content=\"http:\/\/dom100m2.pl\/wp-content\/uploads\/2026\/03\/a2-1024x612.jpg\" \/>\n<meta name=\"twitter:card\" content=\"summary_large_image\" \/>\n<meta name=\"twitter:label1\" content=\"Szacowany czas czytania\" \/>\n\t<meta name=\"twitter:data1\" content=\"1 minuta\" \/>\n<script type=\"application\/ld+json\" class=\"yoast-schema-graph\">{\"@context\":\"https:\\\/\\\/schema.org\",\"@graph\":[{\"@type\":\"WebPage\",\"@id\":\"https:\\\/\\\/dom100m2.pl\\\/?page_id=10\",\"url\":\"https:\\\/\\\/dom100m2.pl\\\/?page_id=10\",\"name\":\"Dom 104 m2 - wordpressplugins\",\"isPartOf\":{\"@id\":\"http:\\\/\\\/dom100m2.pl\\\/#website\"},\"primaryImageOfPage\":{\"@id\":\"https:\\\/\\\/dom100m2.pl\\\/?page_id=10#primaryimage\"},\"image\":{\"@id\":\"https:\\\/\\\/dom100m2.pl\\\/?page_id=10#primaryimage\"},\"thumbnailUrl\":\"http:\\\/\\\/dom100m2.pl\\\/wp-content\\\/uploads\\\/2026\\\/03\\\/a2-1024x612.jpg\",\"datePublished\":\"2026-03-17T12:12:51+00:00\",\"dateModified\":\"2026-03-17T12:20:47+00:00\",\"breadcrumb\":{\"@id\":\"https:\\\/\\\/dom100m2.pl\\\/?page_id=10#breadcrumb\"},\"inLanguage\":\"pl-PL\",\"potentialAction\":[{\"@type\":\"ReadAction\",\"target\":[\"https:\\\/\\\/dom100m2.pl\\\/?page_id=10\"]}]},{\"@type\":\"ImageObject\",\"inLanguage\":\"pl-PL\",\"@id\":\"https:\\\/\\\/dom100m2.pl\\\/?page_id=10#primaryimage\",\"url\":\"https:\\\/\\\/dom100m2.pl\\\/wp-content\\\/uploads\\\/2026\\\/03\\\/a2.jpg\",\"contentUrl\":\"https:\\\/\\\/dom100m2.pl\\\/wp-content\\\/uploads\\\/2026\\\/03\\\/a2.jpg\",\"width\":1612,\"height\":964},{\"@type\":\"BreadcrumbList\",\"@id\":\"https:\\\/\\\/dom100m2.pl\\\/?page_id=10#breadcrumb\",\"itemListElement\":[{\"@type\":\"ListItem\",\"position\":1,\"name\":\"Home\",\"item\":\"http:\\\/\\\/dom100m2.pl\\\/\"},{\"@type\":\"ListItem\",\"position\":2,\"name\":\"Dom 104 m2\"}]},{\"@type\":\"WebSite\",\"@id\":\"http:\\\/\\\/dom100m2.pl\\\/#website\",\"url\":\"http:\\\/\\\/dom100m2.pl\\\/\",\"name\":\"wordpressplugins\",\"description\":\"\",\"potentialAction\":[{\"@type\":\"SearchAction\",\"target\":{\"@type\":\"EntryPoint\",\"urlTemplate\":\"http:\\\/\\\/dom100m2.pl\\\/?s={search_term_string}\"},\"query-input\":{\"@type\":\"PropertyValueSpecification\",\"valueRequired\":true,\"valueName\":\"search_term_string\"}}],\"inLanguage\":\"pl-PL\"}]}<\/script>\n<!-- \/ Yoast SEO plugin. -->","yoast_head_json":{"title":"Dom 104 m2 - wordpressplugins","robots":{"index":"index","follow":"follow","max-snippet":"max-snippet:-1","max-image-preview":"max-image-preview:large","max-video-preview":"max-video-preview:-1"},"canonical":"https:\/\/dom100m2.pl\/?page_id=10","og_locale":"pl_PL","og_type":"article","og_title":"Dom 104 m2 - wordpressplugins","og_description":"Zbuduj dom 104 m\u00b2 bez stresu, chaosu i przep\u0142acania Projekt + budowa + prowadzenie inwestycji od A do ZTy podejmujesz [&hellip;]","og_url":"https:\/\/dom100m2.pl\/?page_id=10","og_site_name":"wordpressplugins","article_modified_time":"2026-03-17T12:20:47+00:00","og_image":[{"url":"http:\/\/dom100m2.pl\/wp-content\/uploads\/2026\/03\/a2-1024x612.jpg","type":"","width":"","height":""}],"twitter_card":"summary_large_image","twitter_misc":{"Szacowany czas czytania":"1 minuta"},"schema":{"@context":"https:\/\/schema.org","@graph":[{"@type":"WebPage","@id":"https:\/\/dom100m2.pl\/?page_id=10","url":"https:\/\/dom100m2.pl\/?page_id=10","name":"Dom 104 m2 - wordpressplugins","isPartOf":{"@id":"http:\/\/dom100m2.pl\/#website"},"primaryImageOfPage":{"@id":"https:\/\/dom100m2.pl\/?page_id=10#primaryimage"},"image":{"@id":"https:\/\/dom100m2.pl\/?page_id=10#primaryimage"},"thumbnailUrl":"http:\/\/dom100m2.pl\/wp-content\/uploads\/2026\/03\/a2-1024x612.jpg","datePublished":"2026-03-17T12:12:51+00:00","dateModified":"2026-03-17T12:20:47+00:00","breadcrumb":{"@id":"https:\/\/dom100m2.pl\/?page_id=10#breadcrumb"},"inLanguage":"pl-PL","potentialAction":[{"@type":"ReadAction","target":["https:\/\/dom100m2.pl\/?page_id=10"]}]},{"@type":"ImageObject","inLanguage":"pl-PL","@id":"https:\/\/dom100m2.pl\/?page_id=10#primaryimage","url":"https:\/\/dom100m2.pl\/wp-content\/uploads\/2026\/03\/a2.jpg","contentUrl":"https:\/\/dom100m2.pl\/wp-content\/uploads\/2026\/03\/a2.jpg","width":1612,"height":964},{"@type":"BreadcrumbList","@id":"https:\/\/dom100m2.pl\/?page_id=10#breadcrumb","itemListElement":[{"@type":"ListItem","position":1,"name":"Home","item":"http:\/\/dom100m2.pl\/"},{"@type":"ListItem","position":2,"name":"Dom 104 m2"}]},{"@type":"WebSite","@id":"http:\/\/dom100m2.pl\/#website","url":"http:\/\/dom100m2.pl\/","name":"wordpressplugins","description":"","potentialAction":[{"@type":"SearchAction","target":{"@type":"EntryPoint","urlTemplate":"http:\/\/dom100m2.pl\/?s={search_term_string}"},"query-input":{"@type":"PropertyValueSpecification","valueRequired":true,"valueName":"search_term_string"}}],"inLanguage":"pl-PL"}]}},"_links":{"self":[{"href":"https:\/\/dom100m2.pl\/index.php?rest_route=\/wp\/v2\/pages\/10","targetHints":{"allow":["GET"]}}],"collection":[{"href":"https:\/\/dom100m2.pl\/index.php?rest_route=\/wp\/v2\/pages"}],"about":[{"href":"https:\/\/dom100m2.pl\/index.php?rest_route=\/wp\/v2\/types\/page"}],"author":[{"embeddable":true,"href":"https:\/\/dom100m2.pl\/index.php?rest_route=\/wp\/v2\/users\/1"}],"replies":[{"embeddable":true,"href":"https:\/\/dom100m2.pl\/index.php?rest_route=%2Fwp%2Fv2%2Fcomments&post=10"}],"version-history":[{"count":5,"href":"https:\/\/dom100m2.pl\/index.php?rest_route=\/wp\/v2\/pages\/10\/revisions"}],"predecessor-version":[{"id":17,"href":"https:\/\/dom100m2.pl\/index.php?rest_route=\/wp\/v2\/pages\/10\/revisions\/17"}],"wp:attachment":[{"href":"https:\/\/dom100m2.pl\/index.php?rest_route=%2Fwp%2Fv2%2Fmedia&parent=10"}],"curies":[{"name":"wp","href":"https:\/\/api.w.org\/{rel}","templated":true}]}}